{"id":28,"date":"2016-12-05T13:25:12","date_gmt":"2016-12-05T12:25:12","guid":{"rendered":"http:\/\/erwin-annau.com\/?page_id=28"},"modified":"2021-10-30T16:36:08","modified_gmt":"2021-10-30T14:36:08","slug":"kontakt","status":"publish","type":"page","link":"https:\/\/erwin-annau.com\/en\/kontakt\/","title":{"rendered":"Kontakt"},"content":{"rendered":"<p>Je mehr Gutes man tut, desto mehr wird man angegriffen.\u00a0Je mehr Gutes Sie tun, desto mehr werden Sie verleumdet. Wir tun sehr viel Gutes\u2026<\/p>\n<p><img loading=\"lazy\" decoding=\"async\" class=\"size-medium wp-image-232 alignleft\" src=\"https:\/\/erwin-annau.com\/wp-content\/uploads\/2017\/09\/refugee-deutschland-300x200.jpg\" alt=\"H\u00e4nde\" width=\"300\" height=\"200\" \/><\/p>\n<p>Daher habe ich meinen Strafregisterauszug ver\u00f6ffentlicht als Antwort auf alle, die meinen ich h\u00e4tte unlautere Absichten oder w\u00e4re kein Ehrenmann.\u00a0Ich habe jede dokumentierte Verleumdung mit Klagen und Strafanzeigen beantwortet und werde das in Zukunft auch tun.<\/p>\n<p>Falls jemand daher etwas Negatives \u00fcber uns sagt, ersuchen Sie die Person diese Negativinformation SCHRIFTLICH niederzulegen und zu unterschreiben (mit Datum).\u00a0Wir unterschreiben auch jedes Wort, das wir sagen.<\/p>\n<p>Senden Sie uns dann diese Information an unser Kontaktb\u00fcro (siehe Impressum).\u00a0Wir werden dazu Stellung nehmen und wenn n\u00f6tig entsprechende zivilrechtliche und strafrechtliche Schritte unternehmen.<\/p>\n<p><em>Man muss die Freiheit verteidigen, auch gegen L\u00fcgner und Verleumder.<\/em><\/p>\n<p>Wenn Sie etwas geh\u00f6rt haben oder Fragen haben zu irgendwelchen \u201eGesch\u00e4ften\u201c, in die ich angeblich involviert gewesen sein soll, machen Sie doch die einfachste Sache der Welt:<\/p>\n<p><em>Kontaktieren und fragen Sie mich.<\/em><\/p>\n<p><em>Alles Liebe, <\/em><em>Erwin Annau<\/em><\/p>\n<hr \/>\n\n<div class=\"wpcf7 no-js\" id=\"wpcf7-f27-o1\" lang=\"de-DE\" dir=\"ltr\">\n<div class=\"screen-reader-response\"><p role=\"status\" aria-live=\"polite\" aria-atomic=\"true\"><\/p> <ul><\/ul><\/div>\n<form action=\"\/en\/wp-json\/wp\/v2\/pages\/28#wpcf7-f27-o1\" method=\"post\" class=\"wpcf7-form init\" aria-label=\"Kontaktformular\" novalidate=\"novalidate\" data-status=\"init\" data-trp-original-action=\"\/en\/wp-json\/wp\/v2\/pages\/28#wpcf7-f27-o1\">\n<div style=\"display: none;\">\n<input type=\"hidden\" name=\"_wpcf7\" value=\"27\" \/>\n<input type=\"hidden\" name=\"_wpcf7_version\" value=\"5.9.8\" \/>\n<input type=\"hidden\" name=\"_wpcf7_locale\" value=\"de_DE\" \/>\n<input type=\"hidden\" name=\"_wpcf7_unit_tag\" value=\"wpcf7-f27-o1\" \/>\n<input type=\"hidden\" name=\"_wpcf7_container_post\" value=\"0\" \/>\n<input type=\"hidden\" name=\"_wpcf7_posted_data_hash\" value=\"\" \/>\n<\/div>\n<p><label> Ihr Name (Pflichtfeld)<br \/>\n<span class=\"wpcf7-form-control-wrap\" data-name=\"your-name\"><input size=\"40\" maxlength=\"400\" class=\"wpcf7-form-control wpcf7-text wpcf7-validates-as-required\" aria-required=\"true\" aria-invalid=\"false\" value=\"\" type=\"text\" name=\"your-name\" \/><\/span> <\/label>\n<\/p>\n<p><label> Ihre E-Mail-Adresse (Pflichtfeld)<br \/>\n<span class=\"wpcf7-form-control-wrap\" data-name=\"your-email\"><input size=\"40\" maxlength=\"400\" class=\"wpcf7-form-control wpcf7-email wpcf7-validates-as-required wpcf7-text wpcf7-validates-as-email\" aria-required=\"true\" aria-invalid=\"false\" value=\"\" type=\"email\" name=\"your-email\" \/><\/span> <\/label>\n<\/p>\n<p><label> Betreff<br \/>\n<span class=\"wpcf7-form-control-wrap\" data-name=\"your-subject\"><input size=\"40\" maxlength=\"400\" class=\"wpcf7-form-control wpcf7-text\" aria-invalid=\"false\" value=\"\" type=\"text\" name=\"your-subject\" \/><\/span> <\/label>\n<\/p>\n<p><label> Ihre Nachricht<br \/>\n<span class=\"wpcf7-form-control-wrap\" data-name=\"your-message\"><textarea cols=\"40\" rows=\"10\" maxlength=\"2000\" class=\"wpcf7-form-control wpcf7-textarea\" aria-invalid=\"false\" name=\"your-message\"><\/textarea><\/span> <\/label>\n<\/p>\n<p><span class=\"wpcf7-form-control-wrap\" data-name=\"acceptance-49\"><span class=\"wpcf7-form-control wpcf7-acceptance\"><span class=\"wpcf7-list-item\"><label><input type=\"checkbox\" name=\"acceptance-49\" value=\"1\" aria-invalid=\"false\" \/><span class=\"wpcf7-list-item-label\">Ich habe die Datenschutzerkl\u00e4rung gelesen. Ich stimme zu, dass meine Angaben und Daten zur Beantwortung meiner Anfrage elektronisch erhoben und gespeichert werden. Hinweis: Sie k\u00f6nnen Ihre Einwilligung jederzeit f\u00fcr die Zukunft per E-Mail an info@paraiso-verde.com widerrufen.<\/span><\/label><\/span><\/span><\/span>\n<\/p>\n<p><input class=\"wpcf7-form-control wpcf7-submit has-spinner\" type=\"submit\" value=\"Senden\" \/>\n<\/p><div class=\"wpcf7-response-output\" aria-hidden=\"true\"><\/div>\n<input type=\"hidden\" name=\"trp-form-language\" value=\"en\"\/><\/form>\n<\/div>","protected":false},"excerpt":{"rendered":"<p>Je mehr Gutes man tut, desto mehr wird man angegriffen.\u00a0Je mehr Gutes Sie tun, desto mehr werden Sie verleumdet. Wir tun sehr viel Gutes\u2026 Daher habe ich meinen Strafregisterauszug ver\u00f6ffentlicht als Antwort auf alle, die meinen ich h\u00e4tte unlautere Absichten oder w\u00e4re kein Ehrenmann.\u00a0Ich habe jede dokumentierte Verleumdung mit Klagen und Strafanzeigen beantwortet und werde [&hellip;]<\/p>\n","protected":false},"author":6,"featured_media":0,"parent":0,"menu_order":99,"comment_status":"closed","ping_status":"closed","template":"","meta":{"footnotes":""},"_links":{"self":[{"href":"https:\/\/erwin-annau.com\/en\/wp-json\/wp\/v2\/pages\/28"}],"collection":[{"href":"https:\/\/erwin-annau.com\/en\/wp-json\/wp\/v2\/pages"}],"about":[{"href":"https:\/\/erwin-annau.com\/en\/wp-json\/wp\/v2\/types\/page"}],"author":[{"embeddable":true,"href":"https:\/\/erwin-annau.com\/en\/wp-json\/wp\/v2\/users\/6"}],"replies":[{"embeddable":true,"href":"https:\/\/erwin-annau.com\/en\/wp-json\/wp\/v2\/comments?post=28"}],"version-history":[{"count":10,"href":"https:\/\/erwin-annau.com\/en\/wp-json\/wp\/v2\/pages\/28\/revisions"}],"predecessor-version":[{"id":688,"href":"https:\/\/erwin-annau.com\/en\/wp-json\/wp\/v2\/pages\/28\/revisions\/688"}],"wp:attachment":[{"href":"https:\/\/erwin-annau.com\/en\/wp-json\/wp\/v2\/media?parent=28"}],"curies":[{"name":"wp","href":"https:\/\/api.w.org\/{rel}","templated":true}]}}