{"id":319,"date":"2019-05-23T14:23:22","date_gmt":"2019-05-23T12:23:22","guid":{"rendered":"http:\/\/erwin-annau.com\/?page_id=319"},"modified":"2022-01-01T21:36:02","modified_gmt":"2022-01-01T20:36:02","slug":"zitate","status":"publish","type":"page","link":"https:\/\/erwin-annau.com\/en\/zitate\/","title":{"rendered":"Zitate"},"content":{"rendered":"<h2 class=\"wp-block-heading\">Erwin Annau Zitate<\/h2>\r\n<h3>Geschichte<\/h3>\r\n\r\n\r\n\r\n<blockquote class=\"wp-block-quote is-layout-flow wp-block-quote-is-layout-flow\">\r\n<p><strong>\u201eErst wenn wir die Geschichten der Gewinner und der Verlierer geh\u00f6rt haben, werden wir beginnen, die Geschichte zu verstehen.\u201c <\/strong><\/p>\r\n<cite>Dr. Erwin Annau<\/cite><\/blockquote>\r\n\r\n\r\n\r\n\r\n\r\n<h3 class=\"wp-block-heading\">Politik<\/h3>\r\n\r\n\r\n\r\n<blockquote class=\"wp-block-quote is-layout-flow wp-block-quote-is-layout-flow\">\r\n<p><strong>&#8222;Wer nicht f\u00fcr seine RECHTE k\u00e4mpft, wird sie durch die LINKEN verlieren.&#8220;<\/strong><\/p>\r\n<cite>(Dr. Erwin Annau)<\/cite><\/blockquote>\r\n\r\n\r\n\r\n<blockquote class=\"wp-block-quote is-layout-flow wp-block-quote-is-layout-flow\">\r\n<p><strong>&#8222;Wer die Kontrolle \u00fcber die Gedanken der Menschheit hat, kontrolliert die Realit\u00e4t der Menschen. Jeder Krieg war immer zuerst ein Informationskrieg. Waffen sind nur untergeordnete Kommunikationsmittel. Zumeist gewann den Krieg derjenige, der die bessere Information hatte.&#8220;<\/strong><\/p>\r\n<cite>(Dr. Erwin Annau)<\/cite><\/blockquote>\r\n\r\n\r\n\r\n<blockquote class=\"wp-block-quote is-layout-flow wp-block-quote-is-layout-flow\">\r\n<p><strong>&#8222;Die neue Weltordnung wird uns alle unsere Rechte nehmen und sie uns als Privilegien f\u00fcr den Preis des unbedingten Gehorsams zur\u00fcck verkaufen.<em>&#8222;<\/em><\/strong><\/p>\r\n<cite>(Dr. Erwin Annau)<\/cite><\/blockquote>\r\n\r\n\r\n\r\n<blockquote class=\"wp-block-quote is-layout-flow wp-block-quote-is-layout-flow\">\r\n<p><strong>&#8222;Wer Seine Freiheit aus Angst um seine Gesundheit und Sicherheit aufgibt wird am Ende alle DREI verlieren.&#8220; <\/strong><\/p>\r\n<cite>(Dr. Erwin Annau)<\/cite><\/blockquote>\r\n\r\n\r\n\r\n<blockquote class=\"wp-block-quote is-layout-flow wp-block-quote-is-layout-flow\">\r\n<p><strong>\u201eNoch nie war die Welt so billig zu haben wie heute. Alles was ein paar durchgeknallte Milliard\u00e4re und die Chinesen machen m\u00fcssen ist: in jedem Land den Pr\u00e4sidenten und den Gesundheitsminister bestechen und die Welt geh\u00f6rt ihnen.\u201c<\/strong><\/p>\r\n<cite>(Dr. Erwin Annau)<\/cite><\/blockquote>\r\n\r\n\r\n\r\n<blockquote class=\"wp-block-quote is-layout-flow wp-block-quote-is-layout-flow\">\r\n<p><strong>\u201eWer glaubt Sicherheit (z.B. vor Infektion) gegen Freiheit (Aufgabe der B\u00fcrgerrechte) tauschen zu k\u00f6nnen verliert am Ende beides. Wer Angst hat, seinen Job, Status, Geld oder Ehre zu verlieren und trotz Kenntnis der Wahrheit schweigt, macht sich mitschuldig und wird am Ende alles verlieren und dabei seine Kinder verraten.\u201c <\/strong><\/p>\r\n<cite>Dr. Erwin Annau<\/cite><\/blockquote>\r\n\r\n\r\n\r\n<blockquote class=\"wp-block-quote is-layout-flow wp-block-quote-is-layout-flow\">\r\n<p><strong>\u201eCOVID ist das Gesch\u00e4ft f\u00fcr ein paar Wenige auf Kosten der Zerst\u00f6rung von Gesundheit, Existenz und Lebensgl\u00fcck von fast allen.\u201c <\/strong><\/p>\r\n<cite>Dr. Erwin Annau<\/cite><\/blockquote>\r\n\r\n\r\n\r\n<blockquote class=\"wp-block-quote is-layout-flow wp-block-quote-is-layout-flow\">\r\n<p><strong>\u201eDefinition eines Volkes:<\/strong><br \/><strong>Jedes Volk hat Kinder \u2013 eigene oder fremde.<\/strong><br \/><strong>Jedes Volk hat Soldaten \u2013 eigene oder fremde.<\/strong><br \/><strong>Jedes Volk hat \u00a0Werte \u2013 eigene oder fremde.<\/strong><br \/><strong>Jedes Volk hat eine Kultur \u2013 die eigene oder eine fremde.<\/strong><br \/><strong>Wer \u00a0eigene Kinder, Soldaten, Werte und Kultur durch fremde Kinder, Soldaten, Werte und Kultur ersetzt, hat sein Volk durch ein Fremdes ersetzt .\u201c <\/strong><\/p>\r\n<cite>Dr. Erwin Annau<\/cite><\/blockquote>\r\n\r\n\r\n\r\n<blockquote class=\"wp-block-quote is-layout-flow wp-block-quote-is-layout-flow\">\r\n<p><strong>Es geht nicht darum, gegen den Klimawandel zu protestieren, man muss B\u00e4ume pflanzen!<br \/><\/strong><br \/><strong>Es geht nicht darum den Globalismus zu verteufeln, man muss kleine, regionale und autarke Gemeinschaften gr\u00fcnden. <br \/><\/strong><br \/><strong>Es geht nicht darum den Verfall unserer Werte zu bejammern, man muss ein Umfeld schaffen, in dem diese Werte wieder gelebt werden k\u00f6nnen.<br \/><\/strong><br \/><strong>Es geht nicht darum, \u00fcber neue Gesellschaftsformen zu philosophieren sondern eine neue Gesellschaftsform zu schaffen, mit all den Fehlern und Kinderkrankheiten, die so ein Versuch mit sich bringt. <br \/><\/strong><br \/><strong>Wir sind alle in der Verantwortung, endlich etwas zu TUN und NEUE WEGE zu gehen!<br \/><\/strong><br \/><strong>WIR gehen einen neuen Weg. <\/strong><\/p>\r\n<cite>Dr. Erwin Annau<\/cite><\/blockquote>\r\n\r\n\r\n\r\n<blockquote class=\"wp-block-quote is-layout-flow wp-block-quote-is-layout-flow\">\r\n<p><strong>&#8222;Wir brauchen keine Gesetz-GEBUNGS-Periode mehr.<\/strong> <br \/><strong>Wir brauchen viele Gesetz-NEHMUNGS-Perioden.&#8220; <\/strong><\/p>\r\n<cite>Dr. Erwin Annau<\/cite><\/blockquote>\r\n\r\n\r\n\r\n<blockquote class=\"wp-block-quote is-layout-flow wp-block-quote-is-layout-flow\">\r\n<p><strong>\u201eWenn in einem Land aus rechtswidrigen Handlungen politisches Kapital geschlagen werden kann, ist dieses als Rechtsstaat auf Dschungel-Camp Niveau abgesunken\u201c.<\/strong><\/p>\r\n<cite> Dr. Erwin Annau <\/cite><\/blockquote>\r\n\r\n\r\n\r\n<blockquote class=\"wp-block-quote is-layout-flow wp-block-quote-is-layout-flow\">\r\n<p><strong>In den Deutschen Schulen soll jetzt die Geschichte Afrikas unterrichtet werden. Interessant. Unsere Kinder kennen heute die Geschichte Europas und Deutschlands nicht &#8211; und diese Geschichte ist gef\u00e4lscht.<\/strong><\/p>\r\n<cite>Dr. Erwin Annau<\/cite><\/blockquote>\r\n\r\n\r\n\r\n\r\n\r\n<h3 class=\"wp-block-heading\">Finanzen<\/h3>\r\n\r\n\r\n\r\n<blockquote class=\"wp-block-quote is-layout-flow wp-block-quote-is-layout-flow\">\r\n<p><strong>\u201eFinanzanlagen sind nichts anderes als der untaugliche Versuch des Systems, die Sch\u00f6pfung nachzuempfinden.\u201c <\/strong><\/p>\r\n<cite> Dr. Erwin Annau <\/cite><\/blockquote>\r\n\r\n\r\n\r\n<blockquote class=\"wp-block-quote is-layout-flow wp-block-quote-is-layout-flow\">\r\n<p><strong>\u201eWir werden f\u00fcr unsere Verl\u00e4sslichkeit und Konsequenz von manchen gef\u00fcrchtet, aber von fast allen geachtet und geliebt.<\/strong><strong>Wir tun einfach was wir sagen.\u201c<\/strong><\/p>\r\n<cite> Dr. Erwin Annau<\/cite><\/blockquote>\r\n\r\n\r\n\r\n\r\n\r\n<h3 class=\"wp-block-heading\">Paraiso Verde<\/h3>\r\n\r\n\r\n\r\n<blockquote class=\"wp-block-quote is-layout-flow wp-block-quote-is-layout-flow\">\r\n<p><strong>\u201eViele F\u00dcHLEN sich berufen, \u00fcber gro\u00dfe Visionen zu reden, aber wenige SIND berufen, sie zu verwirklichen.\u201c<\/strong>\u00a0\u00a0<\/p>\r\n<cite> Dr. Erwin Annau<\/cite><\/blockquote>\r\n\r\n\r\n\r\n\r\n\r\n<h3 class=\"wp-block-heading\">Gesundheit<\/h3>\r\n\r\n\r\n\r\n<blockquote class=\"wp-block-quote is-layout-flow wp-block-quote-is-layout-flow\">\r\n<p><strong>\u201eEs kommt nicht darauf an, wie alt man wird, sondern WIE man ALT wird.&#8220;<\/strong><\/p>\r\n<cite>Dr. Erwin Annau<\/cite><\/blockquote>\r\n\r\n\r\n\r\n<blockquote class=\"wp-block-quote is-layout-flow wp-block-quote-is-layout-flow\">\r\n<p><strong>Entscheidungen:<br \/>&#8222;Mit jedem Atemzug und jede Sekunde in Deinem Leben triffst DU eine Entscheidung in Richtung ewiges Leben oder Sterben. Die Summe Deiner Entscheidungen bestimmt, wie alt Du wirst und wie Du alt wirst.&#8220;<\/strong><\/p>\r\n<cite>Dr. Erwin Annau<\/cite><\/blockquote>\r\n\r\n\r\n\r\n\r\n\r\n<h3 class=\"wp-block-heading\">Management<\/h3>\r\n\r\n\r\n\r\n<blockquote class=\"wp-block-quote is-layout-flow wp-block-quote-is-layout-flow\">\r\n<p><strong>\u201eGl\u00fccklichsein bedeutet &#8211; unter anderem &#8211; die Verwirklichung pers\u00f6nlicher Ziele durch Meisterung \u00fcberwindbarer Hindernisse.\u201c<\/strong><\/p>\r\n<cite>Dr. Erwin Annau <\/cite><\/blockquote>\r\n\r\n\r\n\r\n<blockquote class=\"wp-block-quote is-layout-flow wp-block-quote-is-layout-flow\">\r\n<p><strong>\u201eWenn man definieren m\u00f6chte, was man will, sollte man zu allererst bestimmen, was man NICHT will.\u201c<\/strong><\/p>\r\n<cite>Dr. Erwin Annau<\/cite><\/blockquote>\r\n\r\n\r\n\r\n\r\n\r\n<h3 class=\"wp-block-heading\">Umwelt, Natur, Permakultur<\/h3>\r\n\r\n\r\n\r\n<blockquote class=\"wp-block-quote is-layout-flow wp-block-quote-is-layout-flow\">\r\n<p><strong>\u201eWenn die Menschen durch ihre kriminelle Unvernunft die letzte Biene ausgerottet haben, werden sie erkennen, dass sie sich innerhalb nur eines weiteren Jahres selbst ausrotten werden.\u201c <\/strong><\/p>\r\n<cite>Dr. Erwin Annau<\/cite><\/blockquote>\r\n\r\n\r\n\r\n<blockquote class=\"wp-block-quote is-layout-flow wp-block-quote-is-layout-flow\">\r\n<p><strong>\u201eMan kann vielleicht einen Bauarbeiter in den Hintern treten, aber nicht einen Baum. Der hat n\u00e4mlich keinen.&#8220;<\/strong><\/p>\r\n<cite>Dr. Erwin Annau<\/cite><\/blockquote>\r\n\r\n\r\n\r\n<blockquote class=\"wp-block-quote is-layout-flow wp-block-quote-is-layout-flow\">\r\n<p><strong>\u201eWenn die \u201eFriday for Future Kinder\u201c jeden Freitag B\u00e4ume pflanzen w\u00fcrden, k\u00f6nnten sie etwas GEGEN den angeblichen Klimawandel TUN, anstatt beim Demonstrieren CO2 zu produzieren.\u201c <\/strong><\/p>\r\n<cite>Dr. Erwin Annau<\/cite><\/blockquote>\r\n\r\n\r\n\r\n\r\n\r\n<h3 class=\"wp-block-heading\">Motivation<\/h3>\r\n\r\n\r\n\r\n<blockquote class=\"wp-block-quote is-layout-flow wp-block-quote-is-layout-flow\">\r\n<p><strong>\u201eJede Entscheidung ist genauso richtig oder falsch als man bereit ist, die VOLLE Verantwortung f\u00fcr diese Entscheidung und alle seine Konsequenzen zu \u00fcbernehmen.\u201c<\/strong><\/p>\r\n<cite>(Dr. Erwin Annau)<\/cite><\/blockquote>\r\n\r\n\r\n\r\n<blockquote class=\"wp-block-quote is-layout-flow wp-block-quote-is-layout-flow\">\r\n<p><strong>\u201eWer f\u00fcr nichts steht, wird sich wundern, wie schnell und wie tief er f\u00e4llt.\u201c<\/strong><\/p>\r\n<cite>(Dr. Erwin Annau)<\/cite><\/blockquote>\r\n\r\n\r\n\r\n<blockquote class=\"wp-block-quote is-layout-flow wp-block-quote-is-layout-flow\">\r\n<p><strong>&#8222;Freiheit bedeutet nicht, von etwas weg zu gehen.<br \/>Freiheit ist die volle Verantwortung f\u00fcr die eigene Realit\u00e4t.<br \/>Freiheit hast du dann, wenn Du die Macht hast, f\u00fcr Dich selbst zu entscheiden.<br \/>Freiheit ist nicht die Macht, davon zu laufen.&#8220;<\/strong><\/p>\r\n<cite>(Dr. Erwin Annau, Sylvia Annau)<\/cite><\/blockquote>\r\n\r\n\r\n\r\n<blockquote class=\"wp-block-quote is-layout-flow wp-block-quote-is-layout-flow\">\r\n<p><strong>\u201eEs kommt nicht darauf an, wie schwer eine Krise ist, es kommt darauf an, was man aus ihr macht.\u201c<\/strong><\/p>\r\n<cite>Dr. Erwin Annau<\/cite><\/blockquote>\r\n\r\n\r\n\r\n<blockquote class=\"wp-block-quote is-layout-flow wp-block-quote-is-layout-flow\">\r\n<p><strong>\u201eProduktivit\u00e4t ist die Basis von Begeisterung, Selbstwertgef\u00fchl und Gl\u00fccklich-Sein.\u201c<\/strong><\/p>\r\n<cite>Dr. Erwin Annau<\/cite><\/blockquote>\r\n\r\n\r\n\r\n<blockquote class=\"wp-block-quote is-layout-flow wp-block-quote-is-layout-flow\">\r\n<p><strong>&#8222;Wer die SCHULD jemandem anderen gibt, gibt dem anderen auch ALLE MACHT. <br \/>Wer die VERANTWORTUNG f\u00fcr alles \u00fcbernimmt, was in seinem Leben passiert, hat ALLE MACHT der Welt, sein Universum nach seinen Vorstellungen zu erschaffen.&#8220;<\/strong><\/p>\r\n<cite>Dr. Erwin Annau<\/cite><\/blockquote>\r\n\r\n\r\n\r\n<blockquote class=\"wp-block-quote is-layout-flow wp-block-quote-is-layout-flow\">\r\n<p><strong>&#8222;Die F\u00e4higkeit aus nichts etwas zu erschaffen, ist der g\u00f6ttliche Funke&#8220;<\/strong><\/p>\r\n<cite>Dr. Erwin Annau<\/cite><\/blockquote>\r\n\r\n\r\n\r\n<blockquote class=\"wp-block-quote is-layout-flow wp-block-quote-is-layout-flow\">\r\n<p><strong>&#8222;Totale Freiheit ist totale Verantwortung.&#8220;<\/strong><\/p>\r\n<cite>Sylvia Annau<\/cite><\/blockquote>\r\n\r\n\r\n\r\n<blockquote class=\"wp-block-quote is-layout-flow wp-block-quote-is-layout-flow\">\r\n<p><strong>Vision vom Gr\u00fcnen Paradies.<br \/>&#8222;Wenn alle &#8222;SIND&#8220; und nicht mehr &#8222;SCHEINEN&#8220;, Egos weichen und Herzen sich vereinen.<br \/>Wenn Wahrhaftigkeit das Land regiert und niemand hintergangen wird.<br \/>Wenn alle sagen, was sie tun und tun was sie sagen, und L\u00f6sungen finden, anstatt zu klagen, <br \/>dann sind Friede und Freude f\u00fcr alle gewiss und die Erde ist wieder ein Paradies.&#8220;<\/strong><\/p>\r\n<cite>Dr. Erwin Annau<\/cite><\/blockquote>\r\n\r\n\r\n\r\n<blockquote class=\"wp-block-quote is-layout-flow wp-block-quote-is-layout-flow\">\r\n<p><strong>\u201eErfolg bedeutet:<\/strong><br \/><strong>1. Eine Vision trotz aller Widerst\u00e4nde, Hindernisse, Fallstricke und Gegenabsichten umzusetzen.<\/strong><br \/><strong>2. Das Unm\u00f6gliche nicht nur m\u00f6glich machen, sondern WIRKLICHKEIT werden lassen.<\/strong><br \/><strong>3. Ein offenes Herz f\u00fcr alle haben.<\/strong><br \/><strong>4. Andere am Erfolg durch soziales Engagement teilhaben zu lassen.&#8220;<\/strong><\/p>\r\n<cite>Dr. Erwin Annau<\/cite><\/blockquote>\r\n\r\n\r\n\r\n<blockquote class=\"wp-block-quote is-layout-flow wp-block-quote-is-layout-flow\">\r\n<p><strong>\u201eVISION&#8230; <\/strong><br \/><strong>Das umfassende Konzept EINER EINZIGEN der unendlich vielen, m\u00f6glichen \u201eZuk\u00fcnfte\u201c, getragen von der Kraft, Zuversicht und dem Gottvertrauen, dass gerade DIESE und keine andere Zukunft ohne Wenn und Aber Wirklichkeit WIRD&#8220;<\/strong><\/p>\r\n<cite>Dr. Erwin Annau<\/cite><\/blockquote>\r\n\r\n\r\n\r\n<blockquote class=\"wp-block-quote is-layout-flow wp-block-quote-is-layout-flow\">\r\n<p><strong>Ein Abgrund in Deinem Leben kann nur auf 2 Arten gef\u00e4hrlich werden:<br \/>1. Wenn Du ihn nicht siehst.<br \/>2. Wenn Du ihn nicht sehen WILLST. <br \/>Letzteres ist leider viel h\u00e4ufiger der Grund f\u00fcr Abst\u00fcrze. <\/strong><\/p>\r\n<cite>Dr. Erwin Annau<\/cite><\/blockquote>\r\n\r\n\r\n\r\n\r\n\r\n<h3 class=\"wp-block-heading\">Immobilien<\/h3>\r\n\r\n\r\n\r\n<blockquote class=\"wp-block-quote is-layout-flow wp-block-quote-is-layout-flow\">\r\n<p><strong>\u201eWer heute in Deutschland sein ganzes Verm\u00f6gen in Immobilien gebunden hat, ist im wahrsten Sinne des Wortes \u201eStein-reich\u201c. Der gr\u00f6\u00dfte Stein seines Reichtums ist der M\u00fchlstein, den er um den Hals tr\u00e4gt, wenn die Immobilienblase platzt.\u201c<\/strong> <br \/>\u00a0<br \/><strong>\u201eWer einen Immobilien-Kredit in Deutschland hat, ist ein Extrem-Zocker: Alles in einer Assetklasse, in einem einzigen Land, bewertet in Euro und hilflos dem Steuer-Monster der E.U. ausgeliefert. Und dann noch ein Kredit als Hebel f\u00fcr dieses Hochrisiko-Investment! Das ist, als w\u00fcrde jemand beim Roulette alles auf eine Farbe setzen. Rien ne va plus.\u201c <\/strong><\/p>\r\n<cite>Dr. Erwin Annau <\/cite><\/blockquote>\r\n\r\n\r\n\r\n\r\n\r\n<h3 class=\"wp-block-heading\">Migration<\/h3>\r\n\r\n\r\n\r\n<blockquote class=\"wp-block-quote is-layout-flow wp-block-quote-is-layout-flow\">\r\n<p><strong>\u201eJedes Volk hat Soldaten &#8211; eigene oder fremde.\u00a0 <\/strong><br \/><strong>Jedes Volk hat Kinder &#8211; eigene oder fremde.<\/strong><br \/><strong>Ein Volk, das seine Heimat nicht verteidigt, wird keine Heimat mehr haben. <\/strong><\/p>\r\n<cite> Dr. Erwin Annau<\/cite><\/blockquote>","protected":false},"excerpt":{"rendered":"<p>Erwin Annau Zitate Geschichte \u201eErst wenn wir die Geschichten der Gewinner und der Verlierer geh\u00f6rt haben, werden wir beginnen, die Geschichte zu verstehen.\u201c Dr. Erwin Annau Politik &#8222;Wer nicht f\u00fcr seine RECHTE k\u00e4mpft, wird sie durch die LINKEN verlieren.&#8220; (Dr. Erwin Annau) &#8222;Wer die Kontrolle \u00fcber die Gedanken der Menschheit hat, kontrolliert die Realit\u00e4t der [&hellip;]<\/p>\n","protected":false},"author":6,"featured_media":0,"parent":0,"menu_order":4,"comment_status":"closed","ping_status":"closed","template":"","meta":{"footnotes":""},"_links":{"self":[{"href":"https:\/\/erwin-annau.com\/en\/wp-json\/wp\/v2\/pages\/319"}],"collection":[{"href":"https:\/\/erwin-annau.com\/en\/wp-json\/wp\/v2\/pages"}],"about":[{"href":"https:\/\/erwin-annau.com\/en\/wp-json\/wp\/v2\/types\/page"}],"author":[{"embeddable":true,"href":"https:\/\/erwin-annau.com\/en\/wp-json\/wp\/v2\/users\/6"}],"replies":[{"embeddable":true,"href":"https:\/\/erwin-annau.com\/en\/wp-json\/wp\/v2\/comments?post=319"}],"version-history":[{"count":58,"href":"https:\/\/erwin-annau.com\/en\/wp-json\/wp\/v2\/pages\/319\/revisions"}],"predecessor-version":[{"id":917,"href":"https:\/\/erwin-annau.com\/en\/wp-json\/wp\/v2\/pages\/319\/revisions\/917"}],"wp:attachment":[{"href":"https:\/\/erwin-annau.com\/en\/wp-json\/wp\/v2\/media?parent=319"}],"curies":[{"name":"wp","href":"https:\/\/api.w.org\/{rel}","templated":true}]}}