{"id":5,"date":"2016-12-05T12:41:41","date_gmt":"2016-12-05T11:41:41","guid":{"rendered":"http:\/\/erwin-annau.com\/?page_id=5"},"modified":"2026-03-08T05:15:59","modified_gmt":"2026-03-08T04:15:59","slug":"lebenslauf","status":"publish","type":"page","link":"https:\/\/erwin-annau.com\/en\/lebenslauf\/","title":{"rendered":"Lebenslauf"},"content":{"rendered":"<h2>Lebenslauf &#8211; Annau, Erwin, Mag. Jur. Dr. Jur<\/h2>\n<h3>Gr\u00fcnder des El Paraiso Verde in Paraguay<\/h3>\n<p><img loading=\"lazy\" decoding=\"async\" class=\"size-medium wp-image-1102 alignleft\" src=\"https:\/\/erwin-annau.com\/wp-content\/uploads\/2026\/03\/Picture1-300x300.jpg\" alt=\"\" width=\"300\" height=\"300\" srcset=\"https:\/\/erwin-annau.com\/wp-content\/uploads\/2026\/03\/Picture1-300x300.jpg 300w, https:\/\/erwin-annau.com\/wp-content\/uploads\/2026\/03\/Picture1-150x150.jpg 150w, https:\/\/erwin-annau.com\/wp-content\/uploads\/2026\/03\/Picture1-12x12.jpg 12w, https:\/\/erwin-annau.com\/wp-content\/uploads\/2026\/03\/Picture1.jpg 624w\" sizes=\"(max-width: 300px) 100vw, 300px\" \/><\/p>\n<p>\u201eJeder, der sich diese <a href=\"https:\/\/erwin-annau.com\/en\/videos\/\"><strong>Videos<\/strong><\/a> aufmerksam anschaut, wird unweigerlich feststellen m\u00fcssen, dass im Laufe der Zeit praktisch alles von Erwin Annau erf\u00fcllt und umgesetzt wurde, was er schon ganz am Anfang gesagt und \u201evisioniert\u201c hatte.<\/p>\n<p>Es kann keiner mehr sagen: \u201eWoher will er denn wissen, dass alles gelingt, er die Schwierigkeiten \u201ehandeln\u201c kann, wer wei\u00df schon was in einem Jahr ist. \u2013 KEINER \u2013 au\u00dfer Erwin Annau, der sieht es n\u00e4mlich schon und steuert seine Ziele geradewegs an.<\/p>\n<p>Im Grunde sollten alle Zweifler schon von selbst verstummen, wenn sie die Geschichte verfolgt haben. Die, die immer noch zetern, k\u00f6nnen demnach nur noch bezahlte Querulanten sein.\u201c<\/p>\n<p>Schulbildung<\/p>\n<p>1961-1965 &#8211; Volksschule Wien 10, Selma Lagerl\u00f6ff-Gasse<br \/>\n1965-1973 &#8211; Bundesgymnasium u. Realgymnasium Wien 10, Ettenreichgasse, Abschluss der Reifepr\u00fcfung<\/p>\n<h3><strong>A<\/strong><strong>u<\/strong><strong>s<\/strong><strong>bildung<\/strong><\/h3>\n<p><strong>1961-1973<\/strong> &#8211; Musikausbildung Klavier, Fl\u00f6te Gesang, Gitarre<\/p>\n<p><strong>10\/1973-5\/1974<\/strong> &#8211; Pr\u00e4senzdienst, Ausgebildeter Sanit\u00e4ter (Hilfskrankenpfleger)<\/p>\n<p><strong>10\/1974-6\/1975<\/strong> &#8211; Studium Rechtswissenschaften, erste Staatspr\u00fcfung<\/p>\n<p><strong>4\/1976<\/strong> &#8211; Pr\u00fcfung zum Schiffskapit\u00e4n (40 Bruttoregistertonnen)<\/p>\n<p><strong>9\/1976- 4\/1977<\/strong> &#8211; Jazzkonservatorium Wien,\u00a0Komposition, Arrangement, Jazzgitarre<\/p>\n<p><strong>5\/1977-10\/1977<\/strong> &#8211; Berklee College of Musik,\u00a0Meisterklasse Bigband- Arrangement und Jazzgitarre<\/p>\n<p><strong>9\/1980-3\/1981<\/strong> &#8211; Musikakademie Wien, Klassische Gitarre, Komposition<\/p>\n<p><strong>3\/1981-5\/1983<\/strong> &#8211; Jura-Studium Universit\u00e4t Wien,\u00a0Abschluss mit Mag. Jur. Dr. Jur.<\/p>\n<p><strong>10\/1980-12\/1981<\/strong> &#8211; Bilanzbuchhalter, WIFI N\u00d6.,\u00a0Pr\u00fcfung mit sehr gutem Erfolg bestanden<\/p>\n<p><strong>9\/1981-5\/1982<\/strong> &#8211; Personalverrechnungs- Kurs WIFI Wien\u00a0Pr\u00fcfung mit sehr gutem Erfolg bestanden<\/p>\n<p><strong>2-6\/1983<\/strong> &#8211; WIFI Wien, Verkaufskurs (7 Bausteine)<\/p>\n<p><strong>1\/1980-12\/1983<\/strong> \u00a0&#8211; Selbststudium Verkauf (J.Douglas Edwards),\u00a0Kommunikation Betriebsorganisation, Motivation<\/p>\n<p><strong>1\/1981-6\/1985<\/strong> &#8211; Steuerberater-Ausbildung\u00a0Gepr\u00fcfter Wirtschaftstreuh\u00e4nder \u2013 Steuerberater<\/p>\n<p><strong>11\/1984<\/strong> &#8211; Studium mit Dr. William Kelley \u2013 Krebsarzt (Pennsylvania)<\/p>\n<p><strong>1988<\/strong> &#8211; Co-Autor des Buches \u201eDie Neuen Selbst\u00e4ndigen\u201c\u00a0Im Verlag Norman Renthrop erschienen<\/p>\n<p><strong>5\/1995-10\/2001<\/strong> &#8211; Selbststudium und Seminare f\u00fcr Aktienhandel (Wade Cook Seminare) und Commodity Handel (Ken Roberts Seminare). Aktiver Handel mit Optionen, Aktien und Warentermingesch\u00e4ften, Konten bei Smith Barney, Merryll Lynch, Schwab, Farr, Refco, Main Street. Aktiver Handel mit etwa 1 Mio. Dollar eigenem (Familien-) Verm\u00f6gen.<\/p>\n<p><strong>6\/2003<\/strong> &#8211; Pr\u00fcfung zum reglementierten Gewerbe der\u00a0Verm\u00f6gensberatung mit Auszeichnung bestanden.\u00a0Pr\u00fcfung zum Lehrlingsausbildner mit Auszeichnung bestanden.<\/p>\n<p><strong>1979-heute<\/strong> &#8211;\u00a0kontinuierliches Studium alternativer Heilmethoden<\/p>\n<p><strong>9\/2003<\/strong> &#8211; Ausbildung und Pr\u00fcfung zum Diplomierten\u00a0Gesundheitsberater (Akademie f\u00fcr Humanwissenschaften)<\/p>\n<p><strong>5\/2004<\/strong> &#8211; Pr\u00fcfung als s-immofin Finanzberater\u00a0(Bankpr\u00fcfung der Ersten Bank)<\/p>\n<p><strong>12\/2006<\/strong> &#8211; Compliance Schulung Bafin (Status eines Verl\u00e4sslichen Dritten)\u00a0Geldw\u00e4sche- \u00dcberpr\u00fcfung von Personen und Unternehmen<\/p>\n<p><strong>1\/2007-heute<\/strong> &#8211; Selbststudium Sachwertanlagen, Edelmetalle, Global Gold \u00a0 Akademie, Edelmetall Experte<\/p>\n<p><strong>2014-2016<\/strong> &#8211; Studium Internationales Steuerrecht mit Schwerpunkt EWIV<\/p>\n<p><strong>2014-2016<\/strong> &#8211; Zertfizierter Dozent f\u00fcr Grabovoi Seminare und Techniken<\/p>\n<p><strong>2015-2016<\/strong> &#8211; Zertifizierter Lebensenergieberater<\/p>\n<h3><strong>Ber<\/strong><strong>u<\/strong><strong>fst\u00e4tigkeit<\/strong><\/h3>\n<p><strong>1973-1980<\/strong> &#8211; Berufsmusiker, Studiomusiker,<\/p>\n<p><strong>1975-1977<\/strong> &#8211; Musiklehrer, Musikschule Jenisch, Wien, Theater an der Wien, Raimund Theater, Auftritte mit Wolfgang Ambros, Georg Danzer<\/p>\n<p><strong>1\/1978-9\/1979<\/strong> &#8211; Studiomusiker, Filmmusik, Florida und Kalifornien<\/p>\n<p><strong>10\/1979-1\/1981<\/strong> &#8211; Berufsmusiker Wien, Aufbau von Songcontestteilnehmer Gary Lux<\/p>\n<p><strong>1\/1981-6\/1985<\/strong> &#8211; Steuerberater- Berufsanw\u00e4rter\u00a0Kanzlei Stb. Wolfgang Annau<\/p>\n<p>BUCHAUTOR: \u201eDie neuen Selbst\u00e4ndigen\u201c Sachbuch zum Thema neue Berufe durch das Internet (Co-Autor: Ha.A.Mehler)<\/p>\n<p><strong>6\/1985-5\/1993<\/strong> &#8211; Eigene Steuerberatungskanzlei,\u00a0F\u00fchrung von 14 Angestellten,\u00a0Klienten aus allen Berufs- und Wirtschaftszweigen.\u00a0Besch\u00e4ftigung mit int. Steuerrecht, Liechtenstein, HongKong, Zypern, Gibraltar\u2026<\/p>\n<p><strong>1\/1982-6\/1989<\/strong> &#8211; Urheber und Entwickler\u00a0des \u201eUnglaublichen Verkaufsseminars\u201c Seminare in Deutschland, \u00d6sterreich, Schweiz, insgesamt \u00fcber 5.000 Seminarteilnehmer.\u00a0F\u00fchrung von 5 Mitarbeitern im Seminarunternehmen<\/p>\n<p><strong>3\/1984-12\/1987<\/strong> &#8211; Urheber und Entwickler von Finanz- Organisations- und\u00a0Motivationsseminaren\u00a0(250 Teilnehmer) und Einzelberatung Time- Management<\/p>\n<p><strong>1\/1987- 5\/1993<\/strong> &#8211; Gesellschafter von Ton- und Videostudios Pyramd Multi\u00a0Media AG und Pyramid Tonstudio GmbH,\u00a0Werbe- und Filmmusik, Organisation von Multimedia Ausstellungen<\/p>\n<p><strong>1\/1988-4\/1990<\/strong> &#8211; Konzeption, Organisation, Durchf\u00fchrung und Finanzierung der Ausstellung \u201eKult und Magie\u201c (\u00fcber 220.000 Besucher) im Schloss Schwarzenau im Waldviertel<\/p>\n<p><strong>1\/1992-9\/1993<\/strong> &#8211; Aufbau des Allfinanzdienstleistungsvertriebes M.B.I. Marketing\u00a0Beratung International, mit zuletzt 9.000 selbst\u00e4ndigen Vertriebspartnern in 7\u00a0L\u00e4ndern. Divisionsmanager,\u00a0Selbst\u00e4ndige F\u00fchrung von 180 Mitarbeitern in \u00d6sterreich, Schulungsleiter f\u00fcr\u00a0Mitarbeiterfortbildung in \u00d6sterreich und Ungarn.\u00a0Schulung und Leitung von Mitarbeitern bei Versicherungsberatung, Finanzierungsberatung, Fonds und Fondsgebundene Lebensversicherungen, Immobilienanlagen, Vorsorgewohnungen, Unternehmensbeteiligungen, Risiko- und Spekulativanlagen.<\/p>\n<p><strong>9\/1993-10\/1994<\/strong> &#8211; Schulungsleiter und Vertriebsf\u00fchrung der Procenta GmbH \u00d6sterreich, Allfinanz- Beratung\u00a0B\u00fcroleitung mit 2 Angestellten und 24 Allfinanzberateren. Kapitalanlagen, Fonds, Finanzierungen<\/p>\n<p><strong>10\/1994-6\/1998<\/strong> &#8211; U.S.A.\u00a0 Florida. Eigenes Unternehmen TOP Marketing, Inc.\u00a0Gesch\u00e4ftsf\u00fchrender Gesellschafter,\u00a0TOP Marketing veranstaltete Verkaufs- und Motivationsseminare in 49\u00a0Bundesstaaten der USA.\u00a0F\u00fchrung von \u00fcber 30 Mitarbeitern im Head office.\u00a0\u00dcbernahme der Marketing- Agenden der Firma TradeNet Inc.\u00a0Aufbau eines Vertriebs von Umweltprodukten mit 125.000 Kunden und Vertriebspartnern, Schulungsleiter in 49 Staaten in den US, Seminare, Verkaufstraining von \u00fcber 25.000 Teilnehmern.\u00a0450 Support- Angestellte im Head office, davon ca. 40 in der Vertriebsabteilung<\/p>\n<p><strong>6\/1998-9\/2001<\/strong> &#8211; USA. Kalifornien: Gesellschafter und CEO Clean Earth, Inc.\u00a0Aufbau eines Produktionsvertriebes f\u00fcr umweltfreundliche Produkte (in 2200<\/p>\n<p>Gesch\u00e4ften verkauft, in den U.S. und auf QVC). F\u00fchrung von 8 Mitarbeitern.\u00a0Verkauf des Unternehmens Clean Earth Inc.<\/p>\n<p><strong>3\/2001-9\/2006<\/strong> &#8211; \u00d6sterreich: Verkaufst\u00e4tigkeit f\u00fcr HANSE Haus \u00d6sterreich Verkauf und Finanzierung von in etwa 50 H\u00e4usern, Planung von \u00fcber 400 H\u00e4usern mittels ARCON 3D Programm. Entwicklung eines Finanzmodells f\u00fcr die Finanzierung von Eigenheim inkl. Einer Software, die das Konzept umsetzen kann.<\/p>\n<p><strong>6\/2003-5\/2006<\/strong> &#8211; Angestellter (gemeinsam zeichnungsberechtigter) gewerberechtlicher\u00a0Gesch\u00e4ftsf\u00fchrer der\u00a0safefinanz\u00a0Verm\u00f6gens- u. Finanzierungsberatung GmbH. In 1100 Wien, Burgenlandgasse 74.\u00a0Aufbau eines Maklervertriebs mit ca. 200 selbstst\u00e4ndigen Maklern, Maklerbetreuung, Provisionsabrechnung, Schulung, Verkaufsorganisation, Verkaufstraining, Beratung. Bez\u00fcglich Hedge- Dachfonds und kapitalgarantierten Zertifikaten.\u00a0Seminare und Workshops in ganz \u00d6sterreich (ca. 20 St\u00fcck) und in Deutschland\u00a0(ca. 10 Seminare)\u00a0F\u00fchrung von 2 Angestellten.\u00a0Finanzierung von privaten und gewerblichen Objekten, Anlageberatung, Vorsorgeberatung<\/p>\n<p><strong>1\/2003- 2\/2010<\/strong> &#8211; Vortr\u00e4ge als zertifizierter Gesundheitsberater.<\/p>\n<p><strong>1\/2006-08\/2007<\/strong> &#8211; Vortragender und Marketing bei taspro AG, Holzkirchen, einem konzessionierten Wertpapierdienstleister, sp\u00e4ter unter dem Namen BONUSINVESTAG, Prokurist der SYSTRADE AG, Liechtenstein\u00a0Training von 400 Vertriebspartnern.\u00a0Seminar und Workshops in \u00d6sterreich, Deutschland, Schweiz, Hong-Kong, Taipei, Shanghai. Vortr\u00e4ge auf der Univerist\u00e4t Shanghai und in der B\u00f6rse M\u00fcnchen \u00fcber Hedging Strategien im Forex Handel.<\/p>\n<p><strong>2\/2007-5\/2009<\/strong> &#8211; \u00a0Entwicklung des Umweltprojekts Schwarzenau.<\/p>\n<p><strong>2\/2009-2014<\/strong> &#8211; Eigent\u00fcmer und Vorstand der ecoplanet AG einer Gesellschaft f\u00fcr die Entwicklung und Vermarktung von Umwelttechnologien.<\/p>\n<p><strong>9\/2010-today<\/strong> &#8211;\u00a0Internationaler Direktor der GGAG International und der Gold AG.\u00a0Etablierung des Vertriebs vorwiegend in \u00d6sterreich.<\/p>\n<p><strong>6\/2006- today<\/strong> &#8211; Eigent\u00fcmer und Gesch\u00e4ftsf\u00fchrer der safefinanz Verm\u00f6gens- u. Finanzierungsberatung GmbH. 1A Europa EEIG, F.S.C. FIVE STAR CONSULTANTS LTD, SFCON LTD<\/p>\n<p>Weltweit angesehener Absicherungsexperte. Vortr\u00e4ge und Seminar zum Thema Absicherung von Verm\u00f6gen und Familien in Deutschland \u00d6sterreich. Beratung auf 3 Kontinenten mit (im Team) von \u00fcber 5.000 Klienten.<\/p>\n<p><strong>2014- today<\/strong> &#8211; Experte f\u00fcr die Gr\u00fcndung von EWIVs (Europ\u00e4ische Wirtschaftliche Interessenvereinigung<\/p>\n<p><strong>2012-today<\/strong> &#8211; Vortr\u00e4ge und Seminare \u00fcber Gesundheit und Verj\u00fcngung:<\/p>\n<p><strong>2014-today<\/strong> &#8211; News Kanal auf Youtube: EURO FLASH NEWS<\/p>\n<p>Interview Serie: FINANZEN IM FADENKREUZ<\/p>\n<p>Online Vortr\u00e4ge:\u00a0<a href=\"http:\/\/www.safefinanz.com\/\">http:\/\/www.safefinanz.com\/<\/a><\/p>\n<p><a href=\"http:\/\/www.sysfree-eeig.com\/\">http:\/\/www.sysfree-eeig.com\/<\/a><\/p>\n<p><a href=\"http:\/\/www.reljuv.de\/\">http:\/\/www.reljuv.de\/<\/a><\/p>\n<p><a href=\"http:\/\/www.eeig-experts.com\/\">http:\/\/www.eeig-experts.com\/<\/a><\/p>\n<p><strong>1981- today<\/strong> &#8211; Seminare and Vortr\u00e4ge auf 3 Kontinenten mit mehr als 45.000 Teilnehmern.<\/p>\n<p><strong>1\/2006-08\/2007<\/strong> &#8211; Angestellter head of sales (Vertriebsleiter) der taspro AG, Holzkirchen, Finanzdienstleister \u00a732, sp\u00e4ter BONUSINVEST AG, Prokurist, sp\u00e4ter SYSTRADE AG, Liechtenstein,\u00a0Schulung von etwa 400 Vertriebsleuten, F\u00fchrung von 100 Vertriebspartnern.\u00a0Seminare und Workshops in \u00d6sterreich, Deutschland, Schweiz, Frankreich, HOng-Kong, Taipeh, Shanghai.\u00a0Workshops, Vortr\u00e4ge zum Thema Hedge- Fonds, Kreditmanagement,\u00a0Devisenhandel, Optionen, Forwards, Swaps. Vortr\u00e4ge in Shang Hai im College f\u00fcr Finanzberater.<\/p>\n<p><strong>2\/2007-5\/2009<\/strong> &#8211; Entwicklung des Projekts \u201eUmwelttechnologiezentrum\u00a0Schwarzenau\u201c. Grundlage derzeitiger Projekte<\/p>\n<p><strong>9\/2008<\/strong> &#8211; Gr\u00fcndung der ecoplanet-ag als Entwicklungsgesellschaft f\u00fcr das Projekt Schwazenau<\/p>\n<p><strong>2\/2009-2014<\/strong> &#8211; Vorstand der ecoplanet-AG: Umwelttechnologieprojekte<\/p>\n<p><strong>9\/2010-heute<\/strong> &#8211;\u00a0\u00d6sterreichdirektor der GGAG International und der Global \u00a0\u00a0\u00a0 Gold AG.\u00a0Vertriebsaufbau, Schulung von ca. 100 Vertriebspartnern. Aufbau einer\u00a0Direktion in Wien 1.<\/p>\n<p><strong>6\/2006- heute<\/strong> &#8211;\u00a0Gesellschafter und alleiniger Gesch\u00e4ftsf\u00fchrer der safefinanz\u00a0GmbH. Finanzierungsberatung GmbH\u00a0Absicherungsexperte. \u00a0Vortr\u00e4ge in Deutschland und \u00d6sterreich, Seminare\u00a0<a href=\"http:\/\/www.safefinanz.com\/\">www.safefinanz.com<\/a><\/p>\n<p><strong>2014- heute<\/strong> &#8211;\u00a0Experte f\u00fcr die Gr\u00fcndung von EWIVs <a href=\"http:\/\/www.ewiv-experte.de\/\">http:\/\/www.ewiv-experte.de\/<\/a>, <a href=\"http:\/\/www.ewiv-experts.com\/\">http:\/\/www.ewiv-experts.com\/<\/a><\/p>\n<p><strong>2012-heute<\/strong> &#8211; Vortr\u00e4ge \u00fcber alternative Gesundheit: <a href=\"http:\/\/www.reljuv.com\/\">www.reljuv.com<\/a><\/p>\n<p><strong>1981- heute<\/strong> &#8211; Seminarleiter, Vortragende auf 3 Kontinenten mit \u00fcber 45.000 Seminarteilnehmern.\u00a0Umfangreiche Fernsehbeitr\u00e4ge (Euro Flash News) und Interviews gemeinsam mit Univ. Prof. Franz H\u00f6rmann zum Thema Finanzen. Geld und Absicherung<\/p>\n<p><strong>5\/2016:<\/strong> &#8211; Gr\u00fcndung der SYSFREE EEIG (European Economic Interest Grouping) in Zypern. Firmensitz in Paphos (Zypern) Dachorganisation f\u00fcr die Marken safefinanz, ewiv-experte und reljuv. Direktor der Sysfree EEIG.\u00a0Unternehmen mit 12 Mitgliedern, welche sich zum Ziel gesetzt haben, Unternehmer und Private von den gr\u00f6\u00dften heutigen Unterdr\u00fcckungssystemen zu befreien- dem Finanzsystem, dem Steuersystem und dem \u201eGesundheits\u201c-System<\/p>\n<p><strong>August 2016:<\/strong> &#8211; Gr\u00fcndung der RELJUV S.A. (Aktiengesellschaft) in Paraguay und Gr\u00fcndung einer unabh\u00e4ngigen Gemeinschaft f\u00fcr Deutsche und \u00d6sterreichische Auswanderer.<\/p>\n<p><strong>August 2017<\/strong> \u2013 <strong>17. Oktober 2023:<\/strong>\u00a0 Immobilienentwicklung El Paraiso Verde. Bis 17. Oktober: ca. 100 Mio USD Einnahmen, ca. 25 Mio USD R\u00fcckzahlugnen, 75. Mio netto investiert. Projektgr\u00f6\u00dfe 14 391 423 m2 = 1 439.14 ha Gr\u00f6\u00dfe der Siedlung \u00a05 015 659 m2 =\u00a0 501.57 ha mti 1711 Grundst\u00fccken mit Titel im Paraguayischen Kataster. Hochwasserschutzamm: 7 073 m = 7.07 Km, Stra\u00dfen: 43 449 m = 43.45 Km, 12 Seen, Lagunen, Kan\u00e4le, Mini- Markt, Cafe, Bibliothek, Restaurant, Schule, Kinderspielplatz, Glasfaser- Internet, \u00fcber 120 H\u00e4user gebaut.<\/p>\n<p>\u00dcber 1 Million m3 Erde ausgegraben.<\/p>\n<p>&nbsp;<\/p>\n<p><strong> Oktober 2023 &#8211; 16. September 2025:<\/strong> \u00dcbernahme der Gesch\u00e4ftsf\u00fchrung des Projektes El Paraiso Verde, als eine mutma\u00dflich organisierte, kriminelle Vereinigung innerhalb aller Management Bereiche entlarvt wurde. Schaden :15. Mio. USD, Das Projekt El Paraiso Verde wurde am 22. August 2025 nach exakt 9 Jahren beendet. Auf dem Gel\u00e4nde des ehemaligen El Paraiso Verde entstand die Siedlung \u201eParaiso Homes\u201c und im Norden des Gel\u00e4ndes entstand die autonome Gemeinde \u201ePiratava\u201c.<\/p>\n<p>&nbsp;<\/p>\n<p>Bis September 2025 wurde von diesem Schden ca. 6,5 Millionen USD wieder gut gemacht trotz einer von organisierten Desasterkapitalisten bezahlten Hetzkampagne (\u00fcber 10.000 Verleumdungen).<\/p>\n<p>&nbsp;<\/p>\n<p><strong>Oktober 2024 bis heute: <\/strong>R\u00fcckkehr in die Absicherungsberatung. \u00dcber 200 Kunden wurden bei der Investition in High- Tech Umwelttechnologien beraten. Die ersten Investoren haben bis Februar 2026 Ihre Investition mehr als verdoppelt. Investoren des Jahres 2026 werden ihre Investition bis Ende 2027 voraussichtlich verf\u00fcnfzehnfachen.<\/p>\n<p>&nbsp;<\/p>","protected":false},"excerpt":{"rendered":"<p>Lebenslauf &#8211; Annau, Erwin, Mag. Jur. Dr. Jur Gr\u00fcnder des El Paraiso Verde in Paraguay \u201eJeder, der sich diese Videos aufmerksam anschaut, wird unweigerlich feststellen m\u00fcssen, dass im Laufe der Zeit praktisch alles von Erwin Annau erf\u00fcllt und umgesetzt wurde, was er schon ganz am Anfang gesagt und \u201evisioniert\u201c hatte. Es kann keiner mehr sagen: [&hellip;]<\/p>\n","protected":false},"author":6,"featured_media":0,"parent":0,"menu_order":2,"comment_status":"closed","ping_status":"closed","template":"","meta":{"footnotes":""},"_links":{"self":[{"href":"https:\/\/erwin-annau.com\/en\/wp-json\/wp\/v2\/pages\/5"}],"collection":[{"href":"https:\/\/erwin-annau.com\/en\/wp-json\/wp\/v2\/pages"}],"about":[{"href":"https:\/\/erwin-annau.com\/en\/wp-json\/wp\/v2\/types\/page"}],"author":[{"embeddable":true,"href":"https:\/\/erwin-annau.com\/en\/wp-json\/wp\/v2\/users\/6"}],"replies":[{"embeddable":true,"href":"https:\/\/erwin-annau.com\/en\/wp-json\/wp\/v2\/comments?post=5"}],"version-history":[{"count":28,"href":"https:\/\/erwin-annau.com\/en\/wp-json\/wp\/v2\/pages\/5\/revisions"}],"predecessor-version":[{"id":1104,"href":"https:\/\/erwin-annau.com\/en\/wp-json\/wp\/v2\/pages\/5\/revisions\/1104"}],"wp:attachment":[{"href":"https:\/\/erwin-annau.com\/en\/wp-json\/wp\/v2\/media?parent=5"}],"curies":[{"name":"wp","href":"https:\/\/api.w.org\/{rel}","templated":true}]}}